{"id":141,"date":"2015-01-06T16:28:39","date_gmt":"2015-01-06T15:28:39","guid":{"rendered":"https:\/\/www.camping-manche.com\/?page_id=141"},"modified":"2015-02-10T15:06:32","modified_gmt":"2015-02-10T14:06:32","slug":"willkommen","status":"publish","type":"page","link":"https:\/\/www.camping-manche.com\/de\/","title":{"rendered":"Willkommen"},"content":{"rendered":"<h2>Willkommen in der Normandie, auf der Webseite des Departements F\u00f6deration f\u00fcr Aussen Unterkunft Manche.<\/h2>\n<p><strong>Direkter Zugriff auf 70 angeschlossenen Campingpl\u00e4tze in der Region Manche und Sie k\u00f6nnen so einfach Ihren Aufenthalt organisieren: Vermietung, Unterkunft, Camping, Chalets, Mobilheime, Reservierung.<\/strong><\/p>\n<p><img decoding=\"async\" loading=\"lazy\" class=\"alignleft size-full wp-image-13\" src=\"https:\/\/www.camping-manche.com\/wp-content\/uploads\/2014\/06\/mont-saint-michel.jpg\" alt=\"Mont Saint Michel\" width=\"352\" height=\"256\" srcset=\"https:\/\/www.camping-manche.com\/wp-content\/uploads\/2014\/06\/mont-saint-michel.jpg 352w, https:\/\/www.camping-manche.com\/wp-content\/uploads\/2014\/06\/mont-saint-michel-300x218.jpg 300w\" sizes=\"(max-width: 352px) 100vw, 352px\" \/>Jedes Jahr begr\u00fc\u00dft Manche fast 4 Millionen Besucher auf seinen Str\u00e4nden und den vielen und vielf\u00e4ltigen Landschaften (Heiden, S\u00fcmpfen, W\u00e4ldern, Felsen, Ebenen, W\u00e4lder, Hecken &#8230;). Die Region ist reich an religi\u00f6sen und milit\u00e4rischen Denkm\u00e4ler der Geschichte der Normandie stehen.<\/p>\n","protected":false},"excerpt":{"rendered":"<p>Willkommen in der Normandie, auf der Webseite des Departements F\u00f6deration f\u00fcr Aussen Unterkunft Manche. Direkter Zugriff auf 70 angeschlossenen Campingpl\u00e4tze&#8230;<\/p>\n","protected":false},"author":3,"featured_media":0,"parent":0,"menu_order":0,"comment_status":"open","ping_status":"closed","template":"","meta":[],"yoast_head":"<!-- This site is optimized with the Yoast SEO plugin v20.1 - https:\/\/yoast.com\/wordpress\/plugins\/seo\/ -->\n<title>Willkommen - Camping und Urlaub in der Normandie Manche<\/title>\n<meta name=\"robots\" content=\"index, follow, max-snippet:-1, max-image-preview:large, max-video-preview:-1\" \/>\n<link rel=\"canonical\" href=\"https:\/\/www.camping-manche.com\/de\/\" \/>\n<meta property=\"og:locale\" content=\"de_DE\" \/>\n<meta property=\"og:type\" content=\"article\" \/>\n<meta property=\"og:title\" content=\"Willkommen - Camping und Urlaub in der Normandie Manche\" \/>\n<meta property=\"og:description\" content=\"Willkommen in der Normandie, auf der Webseite des Departements F\u00f6deration f\u00fcr Aussen Unterkunft Manche. Direkter Zugriff auf 70 angeschlossenen Campingpl\u00e4tze...\" \/>\n<meta property=\"og:url\" content=\"https:\/\/www.camping-manche.com\/de\/\" \/>\n<meta property=\"og:site_name\" content=\"Camping und Urlaub in der Normandie Manche\" \/>\n<meta property=\"article:modified_time\" content=\"2015-02-10T14:06:32+00:00\" \/>\n<meta property=\"og:image\" content=\"https:\/\/www.camping-manche.com\/wp-content\/uploads\/2014\/06\/mont-saint-michel.jpg\" \/>\n<script type=\"application\/ld+json\" class=\"yoast-schema-graph\">{\"@context\":\"https:\/\/schema.org\",\"@graph\":[{\"@type\":\"WebPage\",\"@id\":\"https:\/\/www.camping-manche.com\/de\/\",\"url\":\"https:\/\/www.camping-manche.com\/de\/\",\"name\":\"Willkommen - Camping und Urlaub in der Normandie Manche\",\"isPartOf\":{\"@id\":\"https:\/\/www.camping-manche.com\/#website\"},\"datePublished\":\"2015-01-06T15:28:39+00:00\",\"dateModified\":\"2015-02-10T14:06:32+00:00\",\"breadcrumb\":{\"@id\":\"https:\/\/www.camping-manche.com\/de\/#breadcrumb\"},\"inLanguage\":\"de\",\"potentialAction\":[{\"@type\":\"ReadAction\",\"target\":[\"https:\/\/www.camping-manche.com\/de\/\"]}]},{\"@type\":\"BreadcrumbList\",\"@id\":\"https:\/\/www.camping-manche.com\/de\/#breadcrumb\",\"itemListElement\":[{\"@type\":\"ListItem\",\"position\":1,\"name\":\"Accueil\",\"item\":\"https:\/\/www.camping-manche.com\/de\/\"},{\"@type\":\"ListItem\",\"position\":2,\"name\":\"Willkommen\"}]},{\"@type\":\"WebSite\",\"@id\":\"https:\/\/www.camping-manche.com\/#website\",\"url\":\"https:\/\/www.camping-manche.com\/\",\"name\":\"Camping und Urlaub in der Normandie Manche\",\"description\":\"\",\"potentialAction\":[{\"@type\":\"SearchAction\",\"target\":{\"@type\":\"EntryPoint\",\"urlTemplate\":\"https:\/\/www.camping-manche.com\/?s={search_term_string}\"},\"query-input\":\"required name=search_term_string\"}],\"inLanguage\":\"de\"}]}<\/script>\n<!-- \/ Yoast SEO plugin. -->","yoast_head_json":{"title":"Willkommen - Camping und Urlaub in der Normandie Manche","robots":{"index":"index","follow":"follow","max-snippet":"max-snippet:-1","max-image-preview":"max-image-preview:large","max-video-preview":"max-video-preview:-1"},"canonical":"https:\/\/www.camping-manche.com\/de\/","og_locale":"de_DE","og_type":"article","og_title":"Willkommen - Camping und Urlaub in der Normandie Manche","og_description":"Willkommen in der Normandie, auf der Webseite des Departements F\u00f6deration f\u00fcr Aussen Unterkunft Manche. Direkter Zugriff auf 70 angeschlossenen Campingpl\u00e4tze...","og_url":"https:\/\/www.camping-manche.com\/de\/","og_site_name":"Camping und Urlaub in der Normandie Manche","article_modified_time":"2015-02-10T14:06:32+00:00","og_image":[{"url":"https:\/\/www.camping-manche.com\/wp-content\/uploads\/2014\/06\/mont-saint-michel.jpg"}],"schema":{"@context":"https:\/\/schema.org","@graph":[{"@type":"WebPage","@id":"https:\/\/www.camping-manche.com\/de\/","url":"https:\/\/www.camping-manche.com\/de\/","name":"Willkommen - Camping und Urlaub in der Normandie Manche","isPartOf":{"@id":"https:\/\/www.camping-manche.com\/#website"},"datePublished":"2015-01-06T15:28:39+00:00","dateModified":"2015-02-10T14:06:32+00:00","breadcrumb":{"@id":"https:\/\/www.camping-manche.com\/de\/#breadcrumb"},"inLanguage":"de","potentialAction":[{"@type":"ReadAction","target":["https:\/\/www.camping-manche.com\/de\/"]}]},{"@type":"BreadcrumbList","@id":"https:\/\/www.camping-manche.com\/de\/#breadcrumb","itemListElement":[{"@type":"ListItem","position":1,"name":"Accueil","item":"https:\/\/www.camping-manche.com\/de\/"},{"@type":"ListItem","position":2,"name":"Willkommen"}]},{"@type":"WebSite","@id":"https:\/\/www.camping-manche.com\/#website","url":"https:\/\/www.camping-manche.com\/","name":"Camping und Urlaub in der Normandie Manche","description":"","potentialAction":[{"@type":"SearchAction","target":{"@type":"EntryPoint","urlTemplate":"https:\/\/www.camping-manche.com\/?s={search_term_string}"},"query-input":"required name=search_term_string"}],"inLanguage":"de"}]}},"_links":{"self":[{"href":"https:\/\/www.camping-manche.com\/de\/wp-json\/wp\/v2\/pages\/141"}],"collection":[{"href":"https:\/\/www.camping-manche.com\/de\/wp-json\/wp\/v2\/pages"}],"about":[{"href":"https:\/\/www.camping-manche.com\/de\/wp-json\/wp\/v2\/types\/page"}],"author":[{"embeddable":true,"href":"https:\/\/www.camping-manche.com\/de\/wp-json\/wp\/v2\/users\/3"}],"replies":[{"embeddable":true,"href":"https:\/\/www.camping-manche.com\/de\/wp-json\/wp\/v2\/comments?post=141"}],"version-history":[{"count":3,"href":"https:\/\/www.camping-manche.com\/de\/wp-json\/wp\/v2\/pages\/141\/revisions"}],"predecessor-version":[{"id":229,"href":"https:\/\/www.camping-manche.com\/de\/wp-json\/wp\/v2\/pages\/141\/revisions\/229"}],"wp:attachment":[{"href":"https:\/\/www.camping-manche.com\/de\/wp-json\/wp\/v2\/media?parent=141"}],"curies":[{"name":"wp","href":"https:\/\/api.w.org\/{rel}","templated":true}]}}