{"id":145,"date":"2015-01-06T16:31:33","date_gmt":"2015-01-06T15:31:33","guid":{"rendered":"https:\/\/www.camping-manche.com\/?page_id=145"},"modified":"2015-01-06T16:31:33","modified_gmt":"2015-01-06T15:31:33","slug":"willkommen-im-manche","status":"publish","type":"page","link":"https:\/\/www.camping-manche.com\/de\/willkommen-im-manche\/","title":{"rendered":"Willkommen im Manche"},"content":{"rendered":"\n\t\t<style type=\"text\/css\">\n\t\t\t#gallery-1 {\n\t\t\t\tmargin: auto;\n\t\t\t}\n\t\t\t#gallery-1 .gallery-item {\n\t\t\t\tfloat: left;\n\t\t\t\tmargin-top: 10px;\n\t\t\t\ttext-align: center;\n\t\t\t\twidth: 33%;\n\t\t\t}\n\t\t\t#gallery-1 img {\n\t\t\t\tborder: 2px solid #cfcfcf;\n\t\t\t}\n\t\t\t#gallery-1 .gallery-caption {\n\t\t\t\tmargin-left: 0;\n\t\t\t}\n\t\t\t\/* see gallery_shortcode() in wp-includes\/media.php *\/\n\t\t<\/style>\n\t\t<div id='gallery-1' class='gallery galleryid-145 gallery-columns-3 gallery-size-thumbnail'><dl class='gallery-item'>\n\t\t\t<dt class='gallery-icon landscape'>\n\t\t\t\t<img width=\"150\" height=\"147\" src=\"https:\/\/www.camping-manche.com\/wp-content\/uploads\/2014\/06\/hague-baie-escalgrain-150x147.jpg\" class=\"attachment-thumbnail size-thumbnail\" alt=\"\" decoding=\"async\" loading=\"lazy\" \/>\n\t\t\t<\/dt><\/dl><dl class='gallery-item'>\n\t\t\t<dt class='gallery-icon landscape'>\n\t\t\t\t<img width=\"150\" height=\"147\" src=\"https:\/\/www.camping-manche.com\/wp-content\/uploads\/2014\/06\/hague-150x147.jpg\" class=\"attachment-thumbnail size-thumbnail\" alt=\"\" decoding=\"async\" loading=\"lazy\" \/>\n\t\t\t<\/dt><\/dl><dl class='gallery-item'>\n\t\t\t<dt class='gallery-icon landscape'>\n\t\t\t\t<img width=\"150\" height=\"147\" src=\"https:\/\/www.camping-manche.com\/wp-content\/uploads\/2014\/06\/plage-granville-150x147.jpg\" class=\"attachment-thumbnail size-thumbnail\" alt=\"\" decoding=\"async\" loading=\"lazy\" \/>\n\t\t\t<\/dt><\/dl><br style=\"clear: both\" \/>\n\t\t<\/div>\n\n<p>Le D\u00e9partement de la Manche se situe \u00e0 l\u2019ouest de la Normandie, aux confins de la Bretagne dans sa partie sud. . Si vous ne connaissez pas encore cette terre particuli\u00e8re que la mer borde de trois c\u00f4t\u00e9s, comme beaucoup vous serez surpris par la richesse des paysages et des \u00e9motions qu\u2019ils suscitent. Sur la c\u00f4te Est et jusqu\u2019\u00e0 la pointe de la Hougue, vous d\u00e9couvrirez de longues plages de sable fin, lieux marqu\u00e9s par le D\u00e9barquement des troupes alli\u00e9es en juin 1944.<\/p>\n<p class=\"textenoir\">De Saint Vaast la Hougue \u00e0 Cherbourg, en passant par Barfleur, le phare de Gateville, le petit port de Fermanville , une c\u00f4te d\u00e9coup\u00e9e, form\u00e9e de petites criques cachant de jolies petites plages de sable fin bord\u00e9es de tamaris dont toujours une sera \u00e0 l\u2019abri du vent du jour. A l\u2019int\u00e9rieur de terres,\u00a0 le Val de Saire que l\u2019on d\u00e9couvre du haut de la Pernelle, c\u00e9l\u00e8bre pour sa production l\u00e9gumi\u00e8re et la douceur de son climat.<\/p>\n<p class=\"textenoir\">Le port de Cherbourg, entour\u00e9 de la plus grande rade artificielle du monde, accueille 24 heures sur 24 les navires de commerce, de plaisance ou militaires.\u00a0 La cit\u00e9 de la Mer retrace la d\u00e9j\u00e0 longue histoire de la conqu\u00eate des fonds marins.<\/p>\n\n\t\t<style type=\"text\/css\">\n\t\t\t#gallery-2 {\n\t\t\t\tmargin: auto;\n\t\t\t}\n\t\t\t#gallery-2 .gallery-item {\n\t\t\t\tfloat: left;\n\t\t\t\tmargin-top: 10px;\n\t\t\t\ttext-align: center;\n\t\t\t\twidth: 33%;\n\t\t\t}\n\t\t\t#gallery-2 img {\n\t\t\t\tborder: 2px solid #cfcfcf;\n\t\t\t}\n\t\t\t#gallery-2 .gallery-caption {\n\t\t\t\tmargin-left: 0;\n\t\t\t}\n\t\t\t\/* see gallery_shortcode() in wp-includes\/media.php *\/\n\t\t<\/style>\n\t\t<div id='gallery-2' class='gallery galleryid-145 gallery-columns-3 gallery-size-thumbnail'><dl class='gallery-item'>\n\t\t\t<dt class='gallery-icon landscape'>\n\t\t\t\t<img width=\"150\" height=\"147\" src=\"https:\/\/www.camping-manche.com\/wp-content\/uploads\/2014\/06\/phare-goury-150x147.jpg\" class=\"attachment-thumbnail size-thumbnail\" alt=\"\" decoding=\"async\" loading=\"lazy\" \/>\n\t\t\t<\/dt><\/dl><dl class='gallery-item'>\n\t\t\t<dt class='gallery-icon landscape'>\n\t\t\t\t<img width=\"150\" height=\"147\" src=\"https:\/\/www.camping-manche.com\/wp-content\/uploads\/2014\/06\/saint-vaast-150x147.jpg\" class=\"attachment-thumbnail size-thumbnail\" alt=\"\" decoding=\"async\" loading=\"lazy\" \/>\n\t\t\t<\/dt><\/dl><dl class='gallery-item'>\n\t\t\t<dt class='gallery-icon landscape'>\n\t\t\t\t<img width=\"150\" height=\"147\" src=\"https:\/\/www.camping-manche.com\/wp-content\/uploads\/2014\/06\/gatteville-150x147.jpg\" class=\"attachment-thumbnail size-thumbnail\" alt=\"\" decoding=\"async\" loading=\"lazy\" \/>\n\t\t\t<\/dt><\/dl><br style=\"clear: both\" \/>\n\t\t<\/div>\n\n<p class=\"textenoir\">A l\u2019ouest de Cherbourg s\u2019ouvre la Hague, une langue de falaises d\u00e9chiquet\u00e9es marqu\u00e9e \u00e0 l\u2019Ouest par le phare de Goury et le cap de la Hague, endroit longtemps redout\u00e9 des marins tant les courants y sont puissants.<\/p>\n<p class=\"textenoir\">La c\u00f4te Ouest se caract\u00e9rise, de Siouville \u00e0 Granville, par de longs cordons dunaires, des plages immenses, entrecoup\u00e9es de nombreux havres\u00a0o\u00f9 les oiseaux migrateurs viennent y chercher le repos.<\/p>\n<p><span class=\"textenoir\">Certains de ces havres naturels ont \u00e9t\u00e9 am\u00e9nag\u00e9s en ports\u00a0: \u00a0Barneville-Carteret, Portail, Agon-Coutainville \u2026<\/span> <span class=\"textenoir\">A partir du port de Granville la c\u00f4te s\u2019adoucit peu \u00e0 peu et s\u2019ouvre sur la baie du Mont Saint Michel. <\/span> <span class=\"textenoir\">De l\u2019avis g\u00e9n\u00e9ral, le mont Saint Michel se visite au moins deux fois\u00a0: une fois lorsque la mar\u00e9e est basse, la deuxi\u00e8me fois \u00e0 mar\u00e9e haute, de pr\u00e9f\u00e9rence lorsque le coefficient de mar\u00e9e est important. Un conseil : Visitez le Mont en traversant \u00e0 pied la Baie, accompagn\u00e9 d\u2019un guide. Inoubliable\u00a0!<\/span><\/p>\n<p class=\"textenoir\"><img decoding=\"async\" loading=\"lazy\" class=\"alignleft size-full wp-image-29\" src=\"https:\/\/www.camping-manche.com\/wp-content\/uploads\/2014\/06\/carentan.jpg\" alt=\"carentan\" width=\"222\" height=\"147\" \/>Lorsque l\u2019on parle de\u00a0\u00ab\u00a0 l\u2019int\u00e9rieur des terres\u00a0\u00bb, savez-vous que dans la Manche aucun lieu n\u2019est situ\u00e9 \u00e0 plus de 50 km de la mer\u00a0? Le bocage normand s\u2019\u00e9tend du Nord au sud du d\u00e9partement. Vous serez surpris de constater qu\u2019au del\u00e0 de l\u2019image d\u2019Epinal, pommiers en fleurs et vaches normandes,\u00a0 la richesse et la vari\u00e9t\u00e9 des paysages sont infinies. Du cotentin\u00a0 au Mortanais, vous traverserez le Pays de Coutances et le bocage Saint-Lois, d\u00e9couvrirez les marais de Carentan, le lac de Vezins, les bords de la S\u00e9lune, autant de lieux s\u00e9duisants et si diff\u00e9rents qu\u2019une fois votre s\u00e9jour arriv\u00e9 \u00e0 son terme, vous n\u2019aurez qu\u2019une envie, revenir explorer les richesses de cette terre si pr\u00e8s de l\u2019eau.<\/p>\n<p class=\"textenoir\">La Manche rec\u00e8le de nombreuses \u00e9tapes gourmandes, des lieux de loisirs vari\u00e9s dans des cadres le plus souvent naturels,\u00a0 un patrimoine architectural et culturel particuli\u00e8rement riche.<\/p>\n<p class=\"textenoir\">En page actualit\u00e9, vous trouverez une s\u00e9lection de sites vous permettant de pr\u00e9parer votre visite ainsi que les actualit\u00e9s de loisirs, culturels et sportives.<\/p>\n<p class=\"textenoir\">Dernier point et surement non des moindres, la Manche est peupl\u00e9e de femmes et d\u2019hommes \u00a0fiers de leur r\u00e9gion, heureux de vous faire \u00a0partager le plaisir qu\u2019ils ressentent chaque jours \u00e0 vivre ici.<\/p>\n<p class=\"textenoir\">Ce site internet \u00e0 pour but de vous pr\u00e9senter les membres de la f\u00e9d\u00e9ration des campings de la Manche. Chacun peut-\u00eatre joint individuellement. N\u2019h\u00e9sitez pas \u00e0 faire appel \u00e0 eux pour organiser votre prochain s\u00e9jour.<\/p>\n<p><span class=\"textenoir\">Nous serons toujours heureux de vous accueillir<\/span>.<\/p>\n","protected":false},"excerpt":{"rendered":"<p>Le D\u00e9partement de la Manche se situe \u00e0 l\u2019ouest de la Normandie, aux confins de la Bretagne dans sa partie&#8230;<\/p>\n","protected":false},"author":3,"featured_media":0,"parent":0,"menu_order":0,"comment_status":"open","ping_status":"open","template":"","meta":[],"yoast_head":"<!-- This site is optimized with the Yoast SEO plugin v20.1 - https:\/\/yoast.com\/wordpress\/plugins\/seo\/ -->\n<title>Willkommen im Manche - Camping und Urlaub in der Normandie Manche<\/title>\n<meta name=\"robots\" content=\"index, follow, max-snippet:-1, max-image-preview:large, max-video-preview:-1\" \/>\n<link rel=\"canonical\" href=\"https:\/\/www.camping-manche.com\/de\/willkommen-im-manche\/\" \/>\n<meta property=\"og:locale\" content=\"de_DE\" \/>\n<meta property=\"og:type\" content=\"article\" \/>\n<meta property=\"og:title\" content=\"Willkommen im Manche - Camping und Urlaub in der Normandie Manche\" \/>\n<meta property=\"og:description\" content=\"Le D\u00e9partement de la Manche se situe \u00e0 l\u2019ouest de la Normandie, aux confins de la Bretagne dans sa partie...\" \/>\n<meta property=\"og:url\" content=\"https:\/\/www.camping-manche.com\/de\/willkommen-im-manche\/\" \/>\n<meta property=\"og:site_name\" content=\"Camping und Urlaub in der Normandie Manche\" \/>\n<meta property=\"og:image\" content=\"https:\/\/www.camping-manche.com\/wp-content\/uploads\/2014\/06\/hague-baie-escalgrain-150x147.jpg\" \/>\n<meta name=\"twitter:label1\" content=\"Gesch\u00e4tzte Lesezeit\" \/>\n\t<meta name=\"twitter:data1\" content=\"3\u00a0Minuten\" \/>\n<script type=\"application\/ld+json\" class=\"yoast-schema-graph\">{\"@context\":\"https:\/\/schema.org\",\"@graph\":[{\"@type\":\"WebPage\",\"@id\":\"https:\/\/www.camping-manche.com\/de\/willkommen-im-manche\/\",\"url\":\"https:\/\/www.camping-manche.com\/de\/willkommen-im-manche\/\",\"name\":\"Willkommen im Manche - Camping und Urlaub in der Normandie Manche\",\"isPartOf\":{\"@id\":\"https:\/\/www.camping-manche.com\/#website\"},\"datePublished\":\"2015-01-06T15:31:33+00:00\",\"dateModified\":\"2015-01-06T15:31:33+00:00\",\"breadcrumb\":{\"@id\":\"https:\/\/www.camping-manche.com\/de\/willkommen-im-manche\/#breadcrumb\"},\"inLanguage\":\"de\",\"potentialAction\":[{\"@type\":\"ReadAction\",\"target\":[\"https:\/\/www.camping-manche.com\/de\/willkommen-im-manche\/\"]}]},{\"@type\":\"BreadcrumbList\",\"@id\":\"https:\/\/www.camping-manche.com\/de\/willkommen-im-manche\/#breadcrumb\",\"itemListElement\":[{\"@type\":\"ListItem\",\"position\":1,\"name\":\"Accueil\",\"item\":\"https:\/\/www.camping-manche.com\/de\/\"},{\"@type\":\"ListItem\",\"position\":2,\"name\":\"Willkommen im Manche\"}]},{\"@type\":\"WebSite\",\"@id\":\"https:\/\/www.camping-manche.com\/#website\",\"url\":\"https:\/\/www.camping-manche.com\/\",\"name\":\"Camping und Urlaub in der Normandie Manche\",\"description\":\"\",\"potentialAction\":[{\"@type\":\"SearchAction\",\"target\":{\"@type\":\"EntryPoint\",\"urlTemplate\":\"https:\/\/www.camping-manche.com\/?s={search_term_string}\"},\"query-input\":\"required name=search_term_string\"}],\"inLanguage\":\"de\"}]}<\/script>\n<!-- \/ Yoast SEO plugin. -->","yoast_head_json":{"title":"Willkommen im Manche - Camping und Urlaub in der Normandie Manche","robots":{"index":"index","follow":"follow","max-snippet":"max-snippet:-1","max-image-preview":"max-image-preview:large","max-video-preview":"max-video-preview:-1"},"canonical":"https:\/\/www.camping-manche.com\/de\/willkommen-im-manche\/","og_locale":"de_DE","og_type":"article","og_title":"Willkommen im Manche - Camping und Urlaub in der Normandie Manche","og_description":"Le D\u00e9partement de la Manche se situe \u00e0 l\u2019ouest de la Normandie, aux confins de la Bretagne dans sa partie...","og_url":"https:\/\/www.camping-manche.com\/de\/willkommen-im-manche\/","og_site_name":"Camping und Urlaub in der Normandie Manche","og_image":[{"url":"https:\/\/www.camping-manche.com\/wp-content\/uploads\/2014\/06\/hague-baie-escalgrain-150x147.jpg"}],"twitter_misc":{"Gesch\u00e4tzte Lesezeit":"3\u00a0Minuten"},"schema":{"@context":"https:\/\/schema.org","@graph":[{"@type":"WebPage","@id":"https:\/\/www.camping-manche.com\/de\/willkommen-im-manche\/","url":"https:\/\/www.camping-manche.com\/de\/willkommen-im-manche\/","name":"Willkommen im Manche - Camping und Urlaub in der Normandie Manche","isPartOf":{"@id":"https:\/\/www.camping-manche.com\/#website"},"datePublished":"2015-01-06T15:31:33+00:00","dateModified":"2015-01-06T15:31:33+00:00","breadcrumb":{"@id":"https:\/\/www.camping-manche.com\/de\/willkommen-im-manche\/#breadcrumb"},"inLanguage":"de","potentialAction":[{"@type":"ReadAction","target":["https:\/\/www.camping-manche.com\/de\/willkommen-im-manche\/"]}]},{"@type":"BreadcrumbList","@id":"https:\/\/www.camping-manche.com\/de\/willkommen-im-manche\/#breadcrumb","itemListElement":[{"@type":"ListItem","position":1,"name":"Accueil","item":"https:\/\/www.camping-manche.com\/de\/"},{"@type":"ListItem","position":2,"name":"Willkommen im Manche"}]},{"@type":"WebSite","@id":"https:\/\/www.camping-manche.com\/#website","url":"https:\/\/www.camping-manche.com\/","name":"Camping und Urlaub in der Normandie Manche","description":"","potentialAction":[{"@type":"SearchAction","target":{"@type":"EntryPoint","urlTemplate":"https:\/\/www.camping-manche.com\/?s={search_term_string}"},"query-input":"required name=search_term_string"}],"inLanguage":"de"}]}},"_links":{"self":[{"href":"https:\/\/www.camping-manche.com\/de\/wp-json\/wp\/v2\/pages\/145"}],"collection":[{"href":"https:\/\/www.camping-manche.com\/de\/wp-json\/wp\/v2\/pages"}],"about":[{"href":"https:\/\/www.camping-manche.com\/de\/wp-json\/wp\/v2\/types\/page"}],"author":[{"embeddable":true,"href":"https:\/\/www.camping-manche.com\/de\/wp-json\/wp\/v2\/users\/3"}],"replies":[{"embeddable":true,"href":"https:\/\/www.camping-manche.com\/de\/wp-json\/wp\/v2\/comments?post=145"}],"version-history":[{"count":1,"href":"https:\/\/www.camping-manche.com\/de\/wp-json\/wp\/v2\/pages\/145\/revisions"}],"predecessor-version":[{"id":146,"href":"https:\/\/www.camping-manche.com\/de\/wp-json\/wp\/v2\/pages\/145\/revisions\/146"}],"wp:attachment":[{"href":"https:\/\/www.camping-manche.com\/de\/wp-json\/wp\/v2\/media?parent=145"}],"curies":[{"name":"wp","href":"https:\/\/api.w.org\/{rel}","templated":true}]}}