{"id":166,"date":"2015-01-06T16:40:50","date_gmt":"2015-01-06T15:40:50","guid":{"rendered":"https:\/\/www.camping-manche.com\/?page_id=166"},"modified":"2015-01-06T16:40:50","modified_gmt":"2015-01-06T15:40:50","slug":"legals-informations","status":"publish","type":"page","link":"https:\/\/www.camping-manche.com\/en\/legals-informations\/","title":{"rendered":"Legals informations"},"content":{"rendered":"<h3>Coordonn\u00e9es de l\u2019\u00e9diteur du site<\/h3>\n<p>F\u00e9d\u00e9ration d\u00e9partementale de l&#8217;Hotellerie de plein air de la Manche Camping La Gallouette 50550 Saint-Vaast-La-Hougue Manche &#8211; Normandie fdhpa@camping-manche.com Association loi 1901 Pr\u00e9sident : M. Boblin<\/p>\n<h3>D\u00e9veloppement, int\u00e9gration, r\u00e9alisation, h\u00e9bergement<\/h3>\n<p>CH1 P\u00e9ricentre B place Jean Moulin 50100 Cherbourg T\u00e9l. : 02 33 88 57 27 RCS : 429 905 144 000 37 <a href=\"http:\/\/www.ch1\" target=\"_blank\">www.ch1.fr<\/a><\/p>\n<h3>CNIL Collecte de donn\u00e9es personnelles<\/h3>\n<p>Nos serveurs ne sont pas configur\u00e9s pour collecter des informations personnelles sur les visiteurs du site en dehors des donn\u00e9es techniques suivantes : provenance des connexions (fournisseur d\u2019acc\u00e8s), type et version du navigateur utilis\u00e9. En aucun cas, nous ne collectons l\u2019adresse e-mail des visiteurs sans que ces derniers ne nous la communiquent d\u00e9lib\u00e9r\u00e9ment. Les donn\u00e9es relatives \u00e0 la navigation des visiteurs ne sont pas exploit\u00e9es nominativement. Il s\u2019agit de statistiques agr\u00e9g\u00e9es permettant de conna\u00eetre les pages les plus et les moins populaires, les chemins pr\u00e9f\u00e9r\u00e9s, les niveaux d\u2019activit\u00e9 par jour de la semaine et par heure de la journ\u00e9e, les principales erreurs clients ou serveur.<\/p>\n<h3>Propri\u00e9t\u00e9 intellectuelle et droit de reproduction<\/h3>\n<p>L\u2019ensemble de ce site rel\u00e8ve de la l\u00e9gislation fran\u00e7aise et internationale sur le droit d\u2019auteur et la propri\u00e9t\u00e9 intellectuelle. Tous les droits de reproduction sont r\u00e9serv\u00e9s, y compris pour les documents t\u00e9l\u00e9chargeables et les repr\u00e9sentations iconographiques et photographiques. Toute repr\u00e9sentation et\/ou reproduction et\/ou exploitation partielle ou totale de ce site, par quelques proc\u00e9d\u00e9s que se soient, sans l\u2019autorisation expresse et pr\u00e9alable de la \u00ab F\u00e9d\u00e9ration d\u00e9partementale de l&#8217;Hotellerie de plein air de la Manche\u00a0 \u00bb est interdite et constituerait une contrefa\u00e7on au sens des articles L 335-2 et suivants du code de la propri\u00e9t\u00e9 intellectuelle. Les Logos sont des marques d\u00e9pos\u00e9es. Toute repr\u00e9sentation et\/ou reproduction et\/ou exploitation partielle ou totale de ces marques est donc prohib\u00e9e sans l\u2019accord pr\u00e9alable \u00e9crit de la \u00ab F\u00e9d\u00e9ration d\u00e9partementale de l&#8217;Hotellerie de plein air de la Manche\u00a0 \u00bb Les liens hypertextes mis en \u0153uvre au sein du site en direction d\u2019autres sites et\/ou de pages personnelles et d\u2019une mani\u00e8re g\u00e9n\u00e9rale vers toutes ressources existantes sur internet ne sauraient engager la responsabilit\u00e9 de la \u00ab F\u00e9d\u00e9ration d\u00e9partementale de l&#8217;Hotellerie de plein air de la Manche\u00a0 \u00bb. La capture d\u2019informations nominatives pour enrichir des bases de donn\u00e9es, par exemple \u00e0 des fins commerciales ou publicitaires, est interdite.<\/p>\n<h3>Loi \u00ab Informatique et Libert\u00e9 \u00bb<\/h3>\n<p>Conform\u00e9ment \u00e0 la loi \u00ab Informatique et Libert\u00e9 \u00bb, vous disposez d\u2019un droit d\u2019acc\u00e8s, de rectification et d\u2019opposition aux donn\u00e9es personnelles vous concernant. Pour cela, il vous suffit de nous en faire la demande.<\/p>\n<h3>Messagerie et envoi de courriels<\/h3>\n<p>Les messages que vous faites parvenir par l\u2019interm\u00e9diaire de l\u2019Internet peuvent \u00eatre intercept\u00e9s sur le r\u00e9seau. Leur confidentialit\u00e9 ne peut pas \u00eatre int\u00e9gralement garantie. Aussi, prenez garde \u00e0 ne pas divulguer inutilement des informations personnelles ou sensibles dans vos courriels.<\/p>\n<h3>Liens vers le site<\/h3>\n<p>Vous avez la facult\u00e9, sans autorisation pr\u00e9alable, de faire, depuis un autre site, un lien vers la \u00ab F\u00e9d\u00e9ration d\u00e9partementale de l&#8217;Hotellerie de plein air de la Manche\u00a0 \u00bb. Toutefois, \u00ab F\u00e9d\u00e9ration d\u00e9partementale de l&#8217;Hotellerie de plein air de la Manche\u00a0 \u00bb r\u00e9cuse l\u2019utilisation de \u201cframes\u201d qui laissent supposer aux internautes qu\u2019ils consultent un autre site que la \u00ab F\u00e9d\u00e9ration d\u00e9partementale de l&#8217;Hotellerie de plein air de la Manche\u00a0 \u00bb. Nous vous remercions d\u2019informer le webmestre du lien que vous avez r\u00e9alis\u00e9.<\/p>\n","protected":false},"excerpt":{"rendered":"<p>Coordonn\u00e9es de l\u2019\u00e9diteur du site F\u00e9d\u00e9ration d\u00e9partementale de l&#8217;Hotellerie de plein air de la Manche Camping La Gallouette 50550 Saint-Vaast-La-Hougue&#8230;<\/p>\n","protected":false},"author":3,"featured_media":0,"parent":0,"menu_order":0,"comment_status":"open","ping_status":"open","template":"","meta":[],"yoast_head":"<!-- This site is optimized with the Yoast SEO plugin v20.1 - https:\/\/yoast.com\/wordpress\/plugins\/seo\/ -->\n<title>Legals informations - Camping and holiday in Normandy Manche<\/title>\n<meta name=\"robots\" content=\"index, follow, max-snippet:-1, max-image-preview:large, max-video-preview:-1\" \/>\n<link rel=\"canonical\" href=\"https:\/\/www.camping-manche.com\/en\/legals-informations\/\" \/>\n<meta property=\"og:locale\" content=\"en_US\" \/>\n<meta property=\"og:type\" content=\"article\" \/>\n<meta property=\"og:title\" content=\"Legals informations - Camping and holiday in Normandy Manche\" \/>\n<meta property=\"og:description\" content=\"Coordonn\u00e9es de l\u2019\u00e9diteur du site F\u00e9d\u00e9ration d\u00e9partementale de l&#8217;Hotellerie de plein air de la Manche Camping La Gallouette 50550 Saint-Vaast-La-Hougue...\" \/>\n<meta property=\"og:url\" content=\"https:\/\/www.camping-manche.com\/en\/legals-informations\/\" \/>\n<meta property=\"og:site_name\" content=\"Camping and holiday in Normandy Manche\" \/>\n<meta name=\"twitter:label1\" content=\"Est. reading time\" \/>\n\t<meta name=\"twitter:data1\" content=\"3 minutes\" \/>\n<script type=\"application\/ld+json\" class=\"yoast-schema-graph\">{\"@context\":\"https:\/\/schema.org\",\"@graph\":[{\"@type\":\"WebPage\",\"@id\":\"https:\/\/www.camping-manche.com\/en\/legals-informations\/\",\"url\":\"https:\/\/www.camping-manche.com\/en\/legals-informations\/\",\"name\":\"Legals informations - Camping and holiday in Normandy Manche\",\"isPartOf\":{\"@id\":\"https:\/\/www.camping-manche.com\/#website\"},\"datePublished\":\"2015-01-06T15:40:50+00:00\",\"dateModified\":\"2015-01-06T15:40:50+00:00\",\"breadcrumb\":{\"@id\":\"https:\/\/www.camping-manche.com\/en\/legals-informations\/#breadcrumb\"},\"inLanguage\":\"en-US\",\"potentialAction\":[{\"@type\":\"ReadAction\",\"target\":[\"https:\/\/www.camping-manche.com\/en\/legals-informations\/\"]}]},{\"@type\":\"BreadcrumbList\",\"@id\":\"https:\/\/www.camping-manche.com\/en\/legals-informations\/#breadcrumb\",\"itemListElement\":[{\"@type\":\"ListItem\",\"position\":1,\"name\":\"Accueil\",\"item\":\"https:\/\/www.camping-manche.com\/en\/\"},{\"@type\":\"ListItem\",\"position\":2,\"name\":\"Legals informations\"}]},{\"@type\":\"WebSite\",\"@id\":\"https:\/\/www.camping-manche.com\/#website\",\"url\":\"https:\/\/www.camping-manche.com\/\",\"name\":\"Camping and holiday in Normandy Manche\",\"description\":\"\",\"potentialAction\":[{\"@type\":\"SearchAction\",\"target\":{\"@type\":\"EntryPoint\",\"urlTemplate\":\"https:\/\/www.camping-manche.com\/?s={search_term_string}\"},\"query-input\":\"required name=search_term_string\"}],\"inLanguage\":\"en-US\"}]}<\/script>\n<!-- \/ Yoast SEO plugin. -->","yoast_head_json":{"title":"Legals informations - Camping and holiday in Normandy Manche","robots":{"index":"index","follow":"follow","max-snippet":"max-snippet:-1","max-image-preview":"max-image-preview:large","max-video-preview":"max-video-preview:-1"},"canonical":"https:\/\/www.camping-manche.com\/en\/legals-informations\/","og_locale":"en_US","og_type":"article","og_title":"Legals informations - Camping and holiday in Normandy Manche","og_description":"Coordonn\u00e9es de l\u2019\u00e9diteur du site F\u00e9d\u00e9ration d\u00e9partementale de l&#8217;Hotellerie de plein air de la Manche Camping La Gallouette 50550 Saint-Vaast-La-Hougue...","og_url":"https:\/\/www.camping-manche.com\/en\/legals-informations\/","og_site_name":"Camping and holiday in Normandy Manche","twitter_misc":{"Est. reading time":"3 minutes"},"schema":{"@context":"https:\/\/schema.org","@graph":[{"@type":"WebPage","@id":"https:\/\/www.camping-manche.com\/en\/legals-informations\/","url":"https:\/\/www.camping-manche.com\/en\/legals-informations\/","name":"Legals informations - Camping and holiday in Normandy Manche","isPartOf":{"@id":"https:\/\/www.camping-manche.com\/#website"},"datePublished":"2015-01-06T15:40:50+00:00","dateModified":"2015-01-06T15:40:50+00:00","breadcrumb":{"@id":"https:\/\/www.camping-manche.com\/en\/legals-informations\/#breadcrumb"},"inLanguage":"en-US","potentialAction":[{"@type":"ReadAction","target":["https:\/\/www.camping-manche.com\/en\/legals-informations\/"]}]},{"@type":"BreadcrumbList","@id":"https:\/\/www.camping-manche.com\/en\/legals-informations\/#breadcrumb","itemListElement":[{"@type":"ListItem","position":1,"name":"Accueil","item":"https:\/\/www.camping-manche.com\/en\/"},{"@type":"ListItem","position":2,"name":"Legals informations"}]},{"@type":"WebSite","@id":"https:\/\/www.camping-manche.com\/#website","url":"https:\/\/www.camping-manche.com\/","name":"Camping and holiday in Normandy Manche","description":"","potentialAction":[{"@type":"SearchAction","target":{"@type":"EntryPoint","urlTemplate":"https:\/\/www.camping-manche.com\/?s={search_term_string}"},"query-input":"required name=search_term_string"}],"inLanguage":"en-US"}]}},"_links":{"self":[{"href":"https:\/\/www.camping-manche.com\/en\/wp-json\/wp\/v2\/pages\/166"}],"collection":[{"href":"https:\/\/www.camping-manche.com\/en\/wp-json\/wp\/v2\/pages"}],"about":[{"href":"https:\/\/www.camping-manche.com\/en\/wp-json\/wp\/v2\/types\/page"}],"author":[{"embeddable":true,"href":"https:\/\/www.camping-manche.com\/en\/wp-json\/wp\/v2\/users\/3"}],"replies":[{"embeddable":true,"href":"https:\/\/www.camping-manche.com\/en\/wp-json\/wp\/v2\/comments?post=166"}],"version-history":[{"count":1,"href":"https:\/\/www.camping-manche.com\/en\/wp-json\/wp\/v2\/pages\/166\/revisions"}],"predecessor-version":[{"id":167,"href":"https:\/\/www.camping-manche.com\/en\/wp-json\/wp\/v2\/pages\/166\/revisions\/167"}],"wp:attachment":[{"href":"https:\/\/www.camping-manche.com\/en\/wp-json\/wp\/v2\/media?parent=166"}],"curies":[{"name":"wp","href":"https:\/\/api.w.org\/{rel}","templated":true}]}}