{"id":178,"date":"2015-01-06T16:44:51","date_gmt":"2015-01-06T15:44:51","guid":{"rendered":"https:\/\/www.camping-manche.com\/?page_id=178"},"modified":"2015-01-06T16:44:51","modified_gmt":"2015-01-06T15:44:51","slug":"major-tourist-attractions","status":"publish","type":"page","link":"https:\/\/www.camping-manche.com\/en\/major-tourist-attractions\/","title":{"rendered":"Major Tourist Attractions"},"content":{"rendered":"<table border=\"0\">\n<tbody>\n<tr>\n<td><a href=\"http:\/\/www.ot-montsaintmichel.com\/\" target=\"_blank\"><img decoding=\"async\" loading=\"lazy\" class=\"aligncenter size-full wp-image-67\" src=\"https:\/\/www.camping-manche.com\/wp-content\/uploads\/2014\/06\/Mont-Saint-Michel-min.jpg\" rel=\"prettyPhoto[178]\" alt=\"Mont St Michel\" width=\"250\" height=\"250\" srcset=\"https:\/\/www.camping-manche.com\/wp-content\/uploads\/2014\/06\/Mont-Saint-Michel-min.jpg 250w, https:\/\/www.camping-manche.com\/wp-content\/uploads\/2014\/06\/Mont-Saint-Michel-min-150x150.jpg 150w\" sizes=\"(max-width: 250px) 100vw, 250px\" \/><\/a><\/td>\n<td><a href=\"http:\/\/www.citedelamer.com\/\" target=\"_blank\"><img decoding=\"async\" loading=\"lazy\" class=\"aligncenter size-full wp-image-73\" src=\"https:\/\/www.camping-manche.com\/wp-content\/uploads\/2014\/06\/1-cite-de-la-mer-min.jpg\" rel=\"prettyPhoto[178]\" alt=\"Cit\u00e9 de la Mer\" width=\"250\" height=\"166\" \/><\/a><\/td>\n<td><a href=\"http:\/\/www.zoo-champrepus.com\/\" target=\"_blank\"><img decoding=\"async\" loading=\"lazy\" class=\"aligncenter size-full wp-image-58\" src=\"https:\/\/www.camping-manche.com\/wp-content\/uploads\/2014\/06\/champrepus-min.jpg\" rel=\"prettyPhoto[178]\" alt=\"Zoo Champrepus\" width=\"250\" height=\"187\" \/><\/a><\/td>\n<td><a href=\"http:\/\/www.chateaugratot.com\/\" target=\"_blank\"><img decoding=\"async\" loading=\"lazy\" class=\"aligncenter size-full wp-image-59\" src=\"https:\/\/www.camping-manche.com\/wp-content\/uploads\/2014\/06\/chateau-gratot-min.jpg\" rel=\"prettyPhoto[178]\" alt=\"Ch\u00e2teau Gratot\" width=\"250\" height=\"188\" \/><\/a><\/td>\n<\/tr>\n<tr>\n<td>Mont St Michel<\/td>\n<td>Cit\u00e9 de la Mer<\/td>\n<td>Zoo Champrepus<\/td>\n<td>Ch\u00e2teau Gratot<\/td>\n<\/tr>\n<tr>\n<td><a href=\"http:\/\/www.scriptorial.fr\/\" target=\"_blank\"><img decoding=\"async\" loading=\"lazy\" class=\"aligncenter size-full wp-image-89\" src=\"https:\/\/www.camping-manche.com\/wp-content\/uploads\/2014\/06\/1-scriptorial-avranches.gif\" rel=\"prettyPhoto[178]\" alt=\"Scriptorial Avranches\" width=\"230\" height=\"187\" \/><\/a><\/td>\n<td><a href=\"http:\/\/www.chateau-pirou.org\/\" target=\"_blank\"><img decoding=\"async\" loading=\"lazy\" class=\"aligncenter size-full wp-image-60\" src=\"https:\/\/www.camping-manche.com\/wp-content\/uploads\/2014\/06\/Chateau-de-Pirou-Manche-03-min.jpg\" rel=\"prettyPhoto[178]\" alt=\"Ch\u00e2teau Pirou\" width=\"250\" height=\"166\" \/><\/a><\/td>\n<td><a href=\"http:\/\/www.utah-beach.com\/\" target=\"_blank\"><img decoding=\"async\" loading=\"lazy\" class=\"aligncenter size-full wp-image-72\" src=\"https:\/\/www.camping-manche.com\/wp-content\/uploads\/2014\/06\/Utah-beach-min.jpg\" rel=\"prettyPhoto[178]\" alt=\"Mus\u00e9e Utah Beach\" width=\"250\" height=\"169\" \/><\/a><\/td>\n<td><a href=\"http:\/\/www.ludiver.com\/\" target=\"_blank\"><img decoding=\"async\" loading=\"lazy\" class=\"aligncenter size-full wp-image-69\" src=\"https:\/\/www.camping-manche.com\/wp-content\/uploads\/2014\/06\/planetarium-ludiver-min.jpg\" rel=\"prettyPhoto[178]\" alt=\"Plan\u00e9tarium Ludiver\" width=\"250\" height=\"167\" \/><\/a><\/td>\n<\/tr>\n<tr>\n<td>Scriptorial Avranches<\/td>\n<td>Ch\u00e2teau Pirou<\/td>\n<td>Mus\u00e9e Utah Beach<\/td>\n<td>Plan\u00e9tarium Ludiver<\/td>\n<\/tr>\n<tr>\n<td><a href=\"http:\/\/www.parc-cotentin-bessin.fr\/\" target=\"_blank\"><img decoding=\"async\" loading=\"lazy\" class=\"aligncenter size-full wp-image-65\" src=\"https:\/\/www.camping-manche.com\/wp-content\/uploads\/2014\/06\/marais-cotentin-min.jpg\" rel=\"prettyPhoto[178]\" alt=\"Parc des Marais du Cotentin\" width=\"250\" height=\"167\" \/><\/a><\/td>\n<td><a href=\"http:\/\/www.manchetourisme.com\/fr\" target=\"_blank\"><img decoding=\"async\" loading=\"lazy\" class=\"alignnone  wp-image-117\" src=\"https:\/\/www.camping-manche.com\/wp-content\/uploads\/2014\/06\/manche-tourisme-300x136.jpg\" rel=\"prettyPhoto[178]\" alt=\"manche tourisme\" width=\"254\" height=\"115\" srcset=\"https:\/\/www.camping-manche.com\/wp-content\/uploads\/2014\/06\/manche-tourisme-300x136.jpg 300w, https:\/\/www.camping-manche.com\/wp-content\/uploads\/2014\/06\/manche-tourisme.jpg 576w\" sizes=\"(max-width: 254px) 100vw, 254px\" \/><\/a><\/td>\n<td><\/td>\n<td><\/td>\n<\/tr>\n<tr>\n<td>Parc des Marais du Cotentin<\/td>\n<td>Tourisme dans La Manche<\/td>\n<td><\/td>\n<td><\/td>\n<\/tr>\n<\/tbody>\n<\/table>\n","protected":false},"excerpt":{"rendered":"<p>Mont St Michel Cit\u00e9 de la Mer Zoo Champrepus Ch\u00e2teau Gratot Scriptorial Avranches Ch\u00e2teau Pirou Mus\u00e9e Utah Beach Plan\u00e9tarium Ludiver&#8230;<\/p>\n","protected":false},"author":3,"featured_media":0,"parent":0,"menu_order":0,"comment_status":"open","ping_status":"open","template":"modele_pleinepage.php","meta":[],"yoast_head":"<!-- This site is optimized with the Yoast SEO plugin v20.1 - https:\/\/yoast.com\/wordpress\/plugins\/seo\/ -->\n<title>Major Tourist Attractions  - Camping and holiday in Normandy Manche<\/title>\n<meta name=\"robots\" content=\"index, follow, max-snippet:-1, max-image-preview:large, max-video-preview:-1\" \/>\n<link rel=\"canonical\" href=\"https:\/\/www.camping-manche.com\/en\/major-tourist-attractions\/\" \/>\n<meta property=\"og:locale\" content=\"en_US\" \/>\n<meta property=\"og:type\" content=\"article\" \/>\n<meta property=\"og:title\" content=\"Major Tourist Attractions  - Camping and holiday in Normandy Manche\" \/>\n<meta property=\"og:description\" content=\"Mont St Michel Cit\u00e9 de la Mer Zoo Champrepus Ch\u00e2teau Gratot Scriptorial Avranches Ch\u00e2teau Pirou Mus\u00e9e Utah Beach Plan\u00e9tarium Ludiver...\" \/>\n<meta property=\"og:url\" content=\"https:\/\/www.camping-manche.com\/en\/major-tourist-attractions\/\" \/>\n<meta property=\"og:site_name\" content=\"Camping and holiday in Normandy Manche\" \/>\n<meta property=\"og:image\" content=\"https:\/\/www.camping-manche.com\/wp-content\/uploads\/2014\/06\/Mont-Saint-Michel-min.jpg\" \/>\n<script type=\"application\/ld+json\" class=\"yoast-schema-graph\">{\"@context\":\"https:\/\/schema.org\",\"@graph\":[{\"@type\":\"WebPage\",\"@id\":\"https:\/\/www.camping-manche.com\/en\/major-tourist-attractions\/\",\"url\":\"https:\/\/www.camping-manche.com\/en\/major-tourist-attractions\/\",\"name\":\"Major Tourist Attractions - Camping and holiday in Normandy Manche\",\"isPartOf\":{\"@id\":\"https:\/\/www.camping-manche.com\/#website\"},\"datePublished\":\"2015-01-06T15:44:51+00:00\",\"dateModified\":\"2015-01-06T15:44:51+00:00\",\"breadcrumb\":{\"@id\":\"https:\/\/www.camping-manche.com\/en\/major-tourist-attractions\/#breadcrumb\"},\"inLanguage\":\"en-US\",\"potentialAction\":[{\"@type\":\"ReadAction\",\"target\":[\"https:\/\/www.camping-manche.com\/en\/major-tourist-attractions\/\"]}]},{\"@type\":\"BreadcrumbList\",\"@id\":\"https:\/\/www.camping-manche.com\/en\/major-tourist-attractions\/#breadcrumb\",\"itemListElement\":[{\"@type\":\"ListItem\",\"position\":1,\"name\":\"Accueil\",\"item\":\"https:\/\/www.camping-manche.com\/en\/\"},{\"@type\":\"ListItem\",\"position\":2,\"name\":\"Major Tourist Attractions\"}]},{\"@type\":\"WebSite\",\"@id\":\"https:\/\/www.camping-manche.com\/#website\",\"url\":\"https:\/\/www.camping-manche.com\/\",\"name\":\"Camping and holiday in Normandy Manche\",\"description\":\"\",\"potentialAction\":[{\"@type\":\"SearchAction\",\"target\":{\"@type\":\"EntryPoint\",\"urlTemplate\":\"https:\/\/www.camping-manche.com\/?s={search_term_string}\"},\"query-input\":\"required name=search_term_string\"}],\"inLanguage\":\"en-US\"}]}<\/script>\n<!-- \/ Yoast SEO plugin. -->","yoast_head_json":{"title":"Major Tourist Attractions  - Camping and holiday in Normandy Manche","robots":{"index":"index","follow":"follow","max-snippet":"max-snippet:-1","max-image-preview":"max-image-preview:large","max-video-preview":"max-video-preview:-1"},"canonical":"https:\/\/www.camping-manche.com\/en\/major-tourist-attractions\/","og_locale":"en_US","og_type":"article","og_title":"Major Tourist Attractions  - Camping and holiday in Normandy Manche","og_description":"Mont St Michel Cit\u00e9 de la Mer Zoo Champrepus Ch\u00e2teau Gratot Scriptorial Avranches Ch\u00e2teau Pirou Mus\u00e9e Utah Beach Plan\u00e9tarium Ludiver...","og_url":"https:\/\/www.camping-manche.com\/en\/major-tourist-attractions\/","og_site_name":"Camping and holiday in Normandy Manche","og_image":[{"url":"https:\/\/www.camping-manche.com\/wp-content\/uploads\/2014\/06\/Mont-Saint-Michel-min.jpg"}],"schema":{"@context":"https:\/\/schema.org","@graph":[{"@type":"WebPage","@id":"https:\/\/www.camping-manche.com\/en\/major-tourist-attractions\/","url":"https:\/\/www.camping-manche.com\/en\/major-tourist-attractions\/","name":"Major Tourist Attractions - Camping and holiday in Normandy Manche","isPartOf":{"@id":"https:\/\/www.camping-manche.com\/#website"},"datePublished":"2015-01-06T15:44:51+00:00","dateModified":"2015-01-06T15:44:51+00:00","breadcrumb":{"@id":"https:\/\/www.camping-manche.com\/en\/major-tourist-attractions\/#breadcrumb"},"inLanguage":"en-US","potentialAction":[{"@type":"ReadAction","target":["https:\/\/www.camping-manche.com\/en\/major-tourist-attractions\/"]}]},{"@type":"BreadcrumbList","@id":"https:\/\/www.camping-manche.com\/en\/major-tourist-attractions\/#breadcrumb","itemListElement":[{"@type":"ListItem","position":1,"name":"Accueil","item":"https:\/\/www.camping-manche.com\/en\/"},{"@type":"ListItem","position":2,"name":"Major Tourist Attractions"}]},{"@type":"WebSite","@id":"https:\/\/www.camping-manche.com\/#website","url":"https:\/\/www.camping-manche.com\/","name":"Camping and holiday in Normandy Manche","description":"","potentialAction":[{"@type":"SearchAction","target":{"@type":"EntryPoint","urlTemplate":"https:\/\/www.camping-manche.com\/?s={search_term_string}"},"query-input":"required name=search_term_string"}],"inLanguage":"en-US"}]}},"_links":{"self":[{"href":"https:\/\/www.camping-manche.com\/en\/wp-json\/wp\/v2\/pages\/178"}],"collection":[{"href":"https:\/\/www.camping-manche.com\/en\/wp-json\/wp\/v2\/pages"}],"about":[{"href":"https:\/\/www.camping-manche.com\/en\/wp-json\/wp\/v2\/types\/page"}],"author":[{"embeddable":true,"href":"https:\/\/www.camping-manche.com\/en\/wp-json\/wp\/v2\/users\/3"}],"replies":[{"embeddable":true,"href":"https:\/\/www.camping-manche.com\/en\/wp-json\/wp\/v2\/comments?post=178"}],"version-history":[{"count":1,"href":"https:\/\/www.camping-manche.com\/en\/wp-json\/wp\/v2\/pages\/178\/revisions"}],"predecessor-version":[{"id":179,"href":"https:\/\/www.camping-manche.com\/en\/wp-json\/wp\/v2\/pages\/178\/revisions\/179"}],"wp:attachment":[{"href":"https:\/\/www.camping-manche.com\/en\/wp-json\/wp\/v2\/media?parent=178"}],"curies":[{"name":"wp","href":"https:\/\/api.w.org\/{rel}","templated":true}]}}