{"id":170,"date":"2015-01-06T16:42:56","date_gmt":"2015-01-06T15:42:56","guid":{"rendered":"https:\/\/www.camping-manche.com\/?page_id=170"},"modified":"2015-01-06T16:42:56","modified_gmt":"2015-01-06T15:42:56","slug":"partners","status":"publish","type":"page","link":"https:\/\/www.camping-manche.com\/nl\/partners\/","title":{"rendered":"Partners"},"content":{"rendered":"<h3>La f\u00e9d\u00e9ration des campings de la Manche recommande :<\/h3>\n<table border=\"0\">\n<tbody>\n<tr>\n<td><a href=\"http:\/\/www.fnhpa-pro.fr\/\" target=\"_blank\"><img decoding=\"async\" loading=\"lazy\" class=\"alignnone  wp-image-118\" src=\"https:\/\/www.camping-manche.com\/wp-content\/uploads\/2014\/06\/fnhpa-300x177.jpg\" rel=\"prettyPhoto[170]\" alt=\"fnhpa\" width=\"207\" height=\"122\" srcset=\"https:\/\/www.camping-manche.com\/wp-content\/uploads\/2014\/06\/fnhpa-300x177.jpg 300w, https:\/\/www.camping-manche.com\/wp-content\/uploads\/2014\/06\/fnhpa.jpg 320w\" sizes=\"(max-width: 207px) 100vw, 207px\" \/><\/a><\/td>\n<td>\n<p style=\"text-align: center;\"><a href=\"http:\/\/www.groupama.fr\/\" target=\"_blank\"><img decoding=\"async\" loading=\"lazy\" class=\"alignnone size-medium wp-image-119\" src=\"https:\/\/www.camping-manche.com\/wp-content\/uploads\/2014\/06\/Logo-GROUPAMA-300x108.jpg\" rel=\"prettyPhoto[170]\" alt=\"Logo-GROUPAMA\" width=\"300\" height=\"108\" srcset=\"https:\/\/www.camping-manche.com\/wp-content\/uploads\/2014\/06\/Logo-GROUPAMA-300x108.jpg 300w, https:\/\/www.camping-manche.com\/wp-content\/uploads\/2014\/06\/Logo-GROUPAMA-1024x371.jpg 1024w, https:\/\/www.camping-manche.com\/wp-content\/uploads\/2014\/06\/Logo-GROUPAMA.jpg 1181w\" sizes=\"(max-width: 300px) 100vw, 300px\" \/><\/a><\/p>\n<\/td>\n<td><a href=\"http:\/\/www.e-wi.fr\/\" target=\"_blank\"><img decoding=\"async\" loading=\"lazy\" class=\"alignnone  wp-image-121\" src=\"https:\/\/www.camping-manche.com\/wp-content\/uploads\/2014\/06\/ewi.jpg\" rel=\"prettyPhoto[170]\" alt=\"ewi\" width=\"178\" height=\"160\" \/><\/a><\/td>\n<td><a href=\"http:\/\/www.control-union.fr\/control-union\/\" target=\"_blank\"><img decoding=\"async\" loading=\"lazy\" class=\"alignnone  wp-image-120\" src=\"https:\/\/www.camping-manche.com\/wp-content\/uploads\/2014\/06\/controlunion-300x77.jpg\" rel=\"prettyPhoto[170]\" alt=\"controlunion\" width=\"238\" height=\"61\" srcset=\"https:\/\/www.camping-manche.com\/wp-content\/uploads\/2014\/06\/controlunion-300x77.jpg 300w, https:\/\/www.camping-manche.com\/wp-content\/uploads\/2014\/06\/controlunion.jpg 520w\" sizes=\"(max-width: 238px) 100vw, 238px\" \/><\/a><\/td>\n<\/tr>\n<tr>\n<td>F\u00e9d\u00e9ration nationale HPA<\/td>\n<td>Groupama partenaire de camping-manche<\/td>\n<td>\u00a0E-wi : Wifi dans les campings<\/td>\n<td>Contr\u00f4le classement des campings<\/td>\n<\/tr>\n<tr>\n<td><\/td>\n<td><\/td>\n<td><\/td>\n<td><\/td>\n<\/tr>\n<tr>\n<td><\/td>\n<td><\/td>\n<td><\/td>\n<td><\/td>\n<\/tr>\n<\/tbody>\n<\/table>\n","protected":false},"excerpt":{"rendered":"<p>La f\u00e9d\u00e9ration des campings de la Manche recommande : F\u00e9d\u00e9ration nationale HPA Groupama partenaire de camping-manche \u00a0E-wi : Wifi dans&#8230;<\/p>\n","protected":false},"author":3,"featured_media":0,"parent":0,"menu_order":0,"comment_status":"open","ping_status":"open","template":"modele_pleinepage.php","meta":[],"yoast_head":"<!-- This site is optimized with the Yoast SEO plugin v20.1 - https:\/\/yoast.com\/wordpress\/plugins\/seo\/ -->\n<title>Partners - Kamperen en vakantie in Normandi\u00eb Manche<\/title>\n<meta name=\"robots\" content=\"index, follow, max-snippet:-1, max-image-preview:large, max-video-preview:-1\" \/>\n<link rel=\"canonical\" href=\"https:\/\/www.camping-manche.com\/nl\/partners\/\" \/>\n<meta property=\"og:locale\" content=\"nl_NL\" \/>\n<meta property=\"og:type\" content=\"article\" \/>\n<meta property=\"og:title\" content=\"Partners - Kamperen en vakantie in Normandi\u00eb Manche\" \/>\n<meta property=\"og:description\" content=\"La f\u00e9d\u00e9ration des campings de la Manche recommande : F\u00e9d\u00e9ration nationale HPA Groupama partenaire de camping-manche \u00a0E-wi : Wifi dans...\" \/>\n<meta property=\"og:url\" content=\"https:\/\/www.camping-manche.com\/nl\/partners\/\" \/>\n<meta property=\"og:site_name\" content=\"Kamperen en vakantie in Normandi\u00eb Manche\" \/>\n<meta property=\"og:image\" content=\"https:\/\/www.camping-manche.com\/wp-content\/uploads\/2014\/06\/fnhpa-300x177.jpg\" \/>\n<script type=\"application\/ld+json\" class=\"yoast-schema-graph\">{\"@context\":\"https:\/\/schema.org\",\"@graph\":[{\"@type\":\"WebPage\",\"@id\":\"https:\/\/www.camping-manche.com\/nl\/partners\/\",\"url\":\"https:\/\/www.camping-manche.com\/nl\/partners\/\",\"name\":\"Partners - Kamperen en vakantie in Normandi\u00eb Manche\",\"isPartOf\":{\"@id\":\"https:\/\/www.camping-manche.com\/#website\"},\"datePublished\":\"2015-01-06T15:42:56+00:00\",\"dateModified\":\"2015-01-06T15:42:56+00:00\",\"breadcrumb\":{\"@id\":\"https:\/\/www.camping-manche.com\/nl\/partners\/#breadcrumb\"},\"inLanguage\":\"nl-NL\",\"potentialAction\":[{\"@type\":\"ReadAction\",\"target\":[\"https:\/\/www.camping-manche.com\/nl\/partners\/\"]}]},{\"@type\":\"BreadcrumbList\",\"@id\":\"https:\/\/www.camping-manche.com\/nl\/partners\/#breadcrumb\",\"itemListElement\":[{\"@type\":\"ListItem\",\"position\":1,\"name\":\"Accueil\",\"item\":\"https:\/\/www.camping-manche.com\/nl\/\"},{\"@type\":\"ListItem\",\"position\":2,\"name\":\"Partners\"}]},{\"@type\":\"WebSite\",\"@id\":\"https:\/\/www.camping-manche.com\/#website\",\"url\":\"https:\/\/www.camping-manche.com\/\",\"name\":\"Kamperen en vakantie in Normandi\u00eb Manche\",\"description\":\"\",\"potentialAction\":[{\"@type\":\"SearchAction\",\"target\":{\"@type\":\"EntryPoint\",\"urlTemplate\":\"https:\/\/www.camping-manche.com\/?s={search_term_string}\"},\"query-input\":\"required name=search_term_string\"}],\"inLanguage\":\"nl-NL\"}]}<\/script>\n<!-- \/ Yoast SEO plugin. -->","yoast_head_json":{"title":"Partners - Kamperen en vakantie in Normandi\u00eb Manche","robots":{"index":"index","follow":"follow","max-snippet":"max-snippet:-1","max-image-preview":"max-image-preview:large","max-video-preview":"max-video-preview:-1"},"canonical":"https:\/\/www.camping-manche.com\/nl\/partners\/","og_locale":"nl_NL","og_type":"article","og_title":"Partners - Kamperen en vakantie in Normandi\u00eb Manche","og_description":"La f\u00e9d\u00e9ration des campings de la Manche recommande : F\u00e9d\u00e9ration nationale HPA Groupama partenaire de camping-manche \u00a0E-wi : Wifi dans...","og_url":"https:\/\/www.camping-manche.com\/nl\/partners\/","og_site_name":"Kamperen en vakantie in Normandi\u00eb Manche","og_image":[{"url":"https:\/\/www.camping-manche.com\/wp-content\/uploads\/2014\/06\/fnhpa-300x177.jpg"}],"schema":{"@context":"https:\/\/schema.org","@graph":[{"@type":"WebPage","@id":"https:\/\/www.camping-manche.com\/nl\/partners\/","url":"https:\/\/www.camping-manche.com\/nl\/partners\/","name":"Partners - Kamperen en vakantie in Normandi\u00eb Manche","isPartOf":{"@id":"https:\/\/www.camping-manche.com\/#website"},"datePublished":"2015-01-06T15:42:56+00:00","dateModified":"2015-01-06T15:42:56+00:00","breadcrumb":{"@id":"https:\/\/www.camping-manche.com\/nl\/partners\/#breadcrumb"},"inLanguage":"nl-NL","potentialAction":[{"@type":"ReadAction","target":["https:\/\/www.camping-manche.com\/nl\/partners\/"]}]},{"@type":"BreadcrumbList","@id":"https:\/\/www.camping-manche.com\/nl\/partners\/#breadcrumb","itemListElement":[{"@type":"ListItem","position":1,"name":"Accueil","item":"https:\/\/www.camping-manche.com\/nl\/"},{"@type":"ListItem","position":2,"name":"Partners"}]},{"@type":"WebSite","@id":"https:\/\/www.camping-manche.com\/#website","url":"https:\/\/www.camping-manche.com\/","name":"Kamperen en vakantie in Normandi\u00eb Manche","description":"","potentialAction":[{"@type":"SearchAction","target":{"@type":"EntryPoint","urlTemplate":"https:\/\/www.camping-manche.com\/?s={search_term_string}"},"query-input":"required name=search_term_string"}],"inLanguage":"nl-NL"}]}},"_links":{"self":[{"href":"https:\/\/www.camping-manche.com\/nl\/wp-json\/wp\/v2\/pages\/170"}],"collection":[{"href":"https:\/\/www.camping-manche.com\/nl\/wp-json\/wp\/v2\/pages"}],"about":[{"href":"https:\/\/www.camping-manche.com\/nl\/wp-json\/wp\/v2\/types\/page"}],"author":[{"embeddable":true,"href":"https:\/\/www.camping-manche.com\/nl\/wp-json\/wp\/v2\/users\/3"}],"replies":[{"embeddable":true,"href":"https:\/\/www.camping-manche.com\/nl\/wp-json\/wp\/v2\/comments?post=170"}],"version-history":[{"count":1,"href":"https:\/\/www.camping-manche.com\/nl\/wp-json\/wp\/v2\/pages\/170\/revisions"}],"predecessor-version":[{"id":171,"href":"https:\/\/www.camping-manche.com\/nl\/wp-json\/wp\/v2\/pages\/170\/revisions\/171"}],"wp:attachment":[{"href":"https:\/\/www.camping-manche.com\/nl\/wp-json\/wp\/v2\/media?parent=170"}],"curies":[{"name":"wp","href":"https:\/\/api.w.org\/{rel}","templated":true}]}}